{"id":5274,"date":"2024-06-07T05:04:51","date_gmt":"2024-06-07T05:04:51","guid":{"rendered":"https:\/\/traveltales.ahot.online\/?page_id=5274"},"modified":"2025-05-09T20:30:40","modified_gmt":"2025-05-09T20:30:40","slug":"usa-hawaii-2024-fi","status":"publish","type":"page","link":"https:\/\/traveltales.ahot.online\/index.php\/usa-hawaii-2024-fi\/","title":{"rendered":"USA ja Havaiji 2024"},"content":{"rendered":"\t\t<div data-elementor-type=\"wp-page\" data-elementor-id=\"5274\" class=\"elementor elementor-5274\">\n\t\t\t\t\t\t<section class=\"elementor-section elementor-top-section elementor-element elementor-element-1fef7b7 elementor-section-boxed elementor-section-height-default elementor-section-height-default\" data-id=\"1fef7b7\" data-element_type=\"section\">\n\t\t\t\t\t\t<div class=\"elementor-container elementor-column-gap-default\">\n\t\t\t\t\t<div class=\"elementor-column elementor-col-100 elementor-top-column elementor-element elementor-element-96fbaca\" data-id=\"96fbaca\" data-element_type=\"column\">\n\t\t\t<div class=\"elementor-widget-wrap elementor-element-populated\">\n\t\t\t\t\t\t<div class=\"elementor-element elementor-element-96e4fd0 elementor-widget elementor-widget-heading\" data-id=\"96e4fd0\" data-element_type=\"widget\" data-widget_type=\"heading.default\">\n\t\t\t\t<div class=\"elementor-widget-container\">\n\t\t\t\t\t<h1 class=\"elementor-heading-title elementor-size-default\">USA, Meksiko, Havaiji 2024<\/h1>\t\t\t\t<\/div>\n\t\t\t\t<\/div>\n\t\t\t\t\t<\/div>\n\t\t<\/div>\n\t\t\t\t\t<\/div>\n\t\t<\/section>\n\t\t\t\t<section class=\"elementor-section elementor-top-section elementor-element elementor-element-5986c8c elementor-section-boxed elementor-section-height-default elementor-section-height-default\" data-id=\"5986c8c\" data-element_type=\"section\">\n\t\t\t\t\t\t<div class=\"elementor-container elementor-column-gap-default\">\n\t\t\t\t\t<div class=\"elementor-column elementor-col-100 elementor-top-column elementor-element elementor-element-6f305d1\" data-id=\"6f305d1\" data-element_type=\"column\">\n\t\t\t<div class=\"elementor-widget-wrap elementor-element-populated\">\n\t\t\t\t\t\t<div class=\"elementor-element elementor-element-926de61 elementor-widget__width-initial elementor-widget elementor-widget-image\" data-id=\"926de61\" data-element_type=\"widget\" data-widget_type=\"image.default\">\n\t\t\t\t<div class=\"elementor-widget-container\">\n\t\t\t\t\t\t\t\t\t\t\t\t\t\t\t<img fetchpriority=\"high\" decoding=\"async\" width=\"800\" height=\"455\" src=\"https:\/\/traveltales.ahot.online\/wp-content\/uploads\/2024\/06\/Hollywood-Walk-of-Fame-1024x582.jpg\" class=\"attachment-large size-large wp-image-5292\" alt=\"\" srcset=\"https:\/\/traveltales.ahot.online\/wp-content\/uploads\/2024\/06\/Hollywood-Walk-of-Fame-1024x582.jpg 1024w, https:\/\/traveltales.ahot.online\/wp-content\/uploads\/2024\/06\/Hollywood-Walk-of-Fame-300x170.jpg 300w, https:\/\/traveltales.ahot.online\/wp-content\/uploads\/2024\/06\/Hollywood-Walk-of-Fame-768x436.jpg 768w, https:\/\/traveltales.ahot.online\/wp-content\/uploads\/2024\/06\/Hollywood-Walk-of-Fame.jpg 1297w\" sizes=\"(max-width: 800px) 100vw, 800px\" \/>\t\t\t\t\t\t\t\t\t\t\t\t\t\t\t<\/div>\n\t\t\t\t<\/div>\n\t\t\t\t\t<\/div>\n\t\t<\/div>\n\t\t\t\t\t<\/div>\n\t\t<\/section>\n\t\t\t\t<section class=\"elementor-section elementor-top-section elementor-element elementor-element-b558f4f elementor-section-boxed elementor-section-height-default elementor-section-height-default\" data-id=\"b558f4f\" data-element_type=\"section\">\n\t\t\t\t\t\t<div class=\"elementor-container elementor-column-gap-default\">\n\t\t\t\t\t<div class=\"elementor-column elementor-col-100 elementor-top-column elementor-element elementor-element-27a31c9\" data-id=\"27a31c9\" data-element_type=\"column\">\n\t\t\t<div class=\"elementor-widget-wrap elementor-element-populated\">\n\t\t\t\t\t\t<div class=\"elementor-element elementor-element-18f6e5b elementor-widget elementor-widget-heading\" data-id=\"18f6e5b\" data-element_type=\"widget\" data-widget_type=\"heading.default\">\n\t\t\t\t<div class=\"elementor-widget-container\">\n\t\t\t\t\t<h2 class=\"elementor-heading-title elementor-size-default\">Blogit<\/h2>\t\t\t\t<\/div>\n\t\t\t\t<\/div>\n\t\t\t\t\t<\/div>\n\t\t<\/div>\n\t\t\t\t\t<\/div>\n\t\t<\/section>\n\t\t\t\t<section class=\"elementor-section elementor-top-section elementor-element elementor-element-a8fea9d elementor-section-boxed elementor-section-height-default elementor-section-height-default\" data-id=\"a8fea9d\" data-element_type=\"section\">\n\t\t\t\t\t\t<div class=\"elementor-container elementor-column-gap-default\">\n\t\t\t\t\t<div class=\"elementor-column elementor-col-100 elementor-top-column elementor-element elementor-element-32a3298\" data-id=\"32a3298\" data-element_type=\"column\">\n\t\t\t<div class=\"elementor-widget-wrap elementor-element-populated\">\n\t\t\t\t\t\t<div class=\"elementor-element elementor-element-76bf318 elementor-grid-eael-col-3 elementor-grid-tablet-eael-col-2 elementor-grid-mobile-eael-col-1 elementor-widget elementor-widget-eael-post-grid\" data-id=\"76bf318\" data-element_type=\"widget\" data-settings=\"{&quot;eael_post_grid_columns&quot;:&quot;eael-col-3&quot;,&quot;eael_post_grid_columns_tablet&quot;:&quot;eael-col-2&quot;,&quot;eael_post_grid_columns_mobile&quot;:&quot;eael-col-1&quot;}\" data-widget_type=\"eael-post-grid.default\">\n\t\t\t\t<div class=\"elementor-widget-container\">\n\t\t\t\t\t<div id=\"eael-post-grid-76bf318\" class=\"eael-post-grid-container\">\n            <div class=\"eael-post-grid eael-post-appender eael-post-appender-76bf318 eael-post-grid-style-one\" data-layout-mode=\"grid\"><article class=\"eael-grid-post eael-post-grid-column\" data-id=\"6578\">\n        <div class=\"eael-grid-post-holder\">\n            <div class=\"eael-grid-post-holder-inner\"><div class=\"eael-entry-media\"><div class=\"eael-entry-overlay none\"><i class=\"fas fa-long-arrow-alt-right\" aria-hidden=\"true\"><\/i><a href=\"https:\/\/traveltales.ahot.online\/index.php\/2024\/07\/04\/usa-honolulu-fi\/\"target=\"_blank\"><\/a><\/div><div class=\"eael-entry-thumbnail \">\n                <img decoding=\"async\" width=\"1280\" height=\"960\" src=\"https:\/\/traveltales.ahot.online\/wp-content\/uploads\/2024\/07\/feature-image-honolulu-1280.jpg\" class=\"attachment-full size-full wp-image-8296\" alt=\"\" srcset=\"https:\/\/traveltales.ahot.online\/wp-content\/uploads\/2024\/07\/feature-image-honolulu-1280.jpg 1280w, https:\/\/traveltales.ahot.online\/wp-content\/uploads\/2024\/07\/feature-image-honolulu-1280-300x225.jpg 300w, https:\/\/traveltales.ahot.online\/wp-content\/uploads\/2024\/07\/feature-image-honolulu-1280-1024x768.jpg 1024w, https:\/\/traveltales.ahot.online\/wp-content\/uploads\/2024\/07\/feature-image-honolulu-1280-768x576.jpg 768w\" sizes=\"(max-width: 1280px) 100vw, 1280px\" \/>\n            <\/div>\n        <\/div><div class=\"eael-entry-wrapper\"><header class=\"eael-entry-header\"><h2 class=\"eael-entry-title\"><a class=\"eael-grid-post-link\" href=\"https:\/\/traveltales.ahot.online\/index.php\/2024\/07\/04\/usa-honolulu-fi\/\" title=\"Honolulu\"target=\"_blank\">Honolulu<\/a><\/h2><\/header><div class=\"eael-entry-content\">\n                        <div class=\"eael-grid-post-excerpt\"><p>Matkan lopuksi otimme vajaan viikon verran rennosti Havaijilla. Bongailimme upeita rantoja ja snorklauspaikkoja sek\u00e4 vierailimme USS Missouri -sotalaivalla ja Dolen ananasfarmilla.<\/p><a href=\"https:\/\/traveltales.ahot.online\/index.php\/2024\/07\/04\/usa-honolulu-fi\/\" class=\"eael-post-elements-readmore-btn\"target=\"_blank\">LUE LIS\u00c4\u00c4 \u00bb<\/a><\/div>\n                    <\/div><\/div><\/div>\n        <\/div>\n    <\/article><article class=\"eael-grid-post eael-post-grid-column\" data-id=\"6321\">\n        <div class=\"eael-grid-post-holder\">\n            <div class=\"eael-grid-post-holder-inner\"><div class=\"eael-entry-media\"><div class=\"eael-entry-overlay none\"><i class=\"fas fa-long-arrow-alt-right\" aria-hidden=\"true\"><\/i><a href=\"https:\/\/traveltales.ahot.online\/index.php\/2024\/06\/29\/usa-santa-barbara-fi\/\"target=\"_blank\"><\/a><\/div><div class=\"eael-entry-thumbnail \">\n                <img decoding=\"async\" width=\"1280\" height=\"960\" src=\"https:\/\/traveltales.ahot.online\/wp-content\/uploads\/2024\/07\/feature-image-santa-barbara-1280.jpg\" class=\"attachment-full size-full wp-image-8295\" alt=\"\" srcset=\"https:\/\/traveltales.ahot.online\/wp-content\/uploads\/2024\/07\/feature-image-santa-barbara-1280.jpg 1280w, https:\/\/traveltales.ahot.online\/wp-content\/uploads\/2024\/07\/feature-image-santa-barbara-1280-300x225.jpg 300w, https:\/\/traveltales.ahot.online\/wp-content\/uploads\/2024\/07\/feature-image-santa-barbara-1280-1024x768.jpg 1024w, https:\/\/traveltales.ahot.online\/wp-content\/uploads\/2024\/07\/feature-image-santa-barbara-1280-768x576.jpg 768w\" sizes=\"(max-width: 1280px) 100vw, 1280px\" \/>\n            <\/div>\n        <\/div><div class=\"eael-entry-wrapper\"><header class=\"eael-entry-header\"><h2 class=\"eael-entry-title\"><a class=\"eael-grid-post-link\" href=\"https:\/\/traveltales.ahot.online\/index.php\/2024\/06\/29\/usa-santa-barbara-fi\/\" title=\"Santa Barbara\"target=\"_blank\">Santa Barbara<\/a><\/h2><\/header><div class=\"eael-entry-content\">\n                        <div class=\"eael-grid-post-excerpt\"><p>Palasimme rannikolle Santa Barbaran l\u00e4heisyyteen, jossa majoituimme retrohenkisess\u00e4 asuntovaunussa. Is\u00e4nt\u00e4perheen koirista, kanoista, hevosista ja kissoista riitti iloa koko perheelle.<\/p><a href=\"https:\/\/traveltales.ahot.online\/index.php\/2024\/06\/29\/usa-santa-barbara-fi\/\" class=\"eael-post-elements-readmore-btn\"target=\"_blank\">LUE LIS\u00c4\u00c4 \u00bb<\/a><\/div>\n                    <\/div><\/div><\/div>\n        <\/div>\n    <\/article><article class=\"eael-grid-post eael-post-grid-column\" data-id=\"6119\">\n        <div class=\"eael-grid-post-holder\">\n            <div class=\"eael-grid-post-holder-inner\"><div class=\"eael-entry-media\"><div class=\"eael-entry-overlay none\"><i class=\"fas fa-long-arrow-alt-right\" aria-hidden=\"true\"><\/i><a href=\"https:\/\/traveltales.ahot.online\/index.php\/2024\/06\/24\/usa-death-valley-fi\/\"target=\"_blank\"><\/a><\/div><div class=\"eael-entry-thumbnail \">\n                <img loading=\"lazy\" decoding=\"async\" width=\"1280\" height=\"960\" src=\"https:\/\/traveltales.ahot.online\/wp-content\/uploads\/2024\/07\/feature-image-death-valley-1280.jpg\" class=\"attachment-full size-full wp-image-8294\" alt=\"\" srcset=\"https:\/\/traveltales.ahot.online\/wp-content\/uploads\/2024\/07\/feature-image-death-valley-1280.jpg 1280w, https:\/\/traveltales.ahot.online\/wp-content\/uploads\/2024\/07\/feature-image-death-valley-1280-300x225.jpg 300w, https:\/\/traveltales.ahot.online\/wp-content\/uploads\/2024\/07\/feature-image-death-valley-1280-1024x768.jpg 1024w, https:\/\/traveltales.ahot.online\/wp-content\/uploads\/2024\/07\/feature-image-death-valley-1280-768x576.jpg 768w\" sizes=\"(max-width: 1280px) 100vw, 1280px\" \/>\n            <\/div>\n        <\/div><div class=\"eael-entry-wrapper\"><header class=\"eael-entry-header\"><h2 class=\"eael-entry-title\"><a class=\"eael-grid-post-link\" href=\"https:\/\/traveltales.ahot.online\/index.php\/2024\/06\/24\/usa-death-valley-fi\/\" title=\"Death Valley\"target=\"_blank\">Death Valley<\/a><\/h2><\/header><div class=\"eael-entry-content\">\n                        <div class=\"eael-grid-post-excerpt\"><p>Kahden tunnin automatkan j\u00e4lkeen Las Vegasin kimalluksesta ei ollut en\u00e4\u00e4 mit\u00e4\u00e4n j\u00e4ljell\u00e4. Death Valley pit\u00e4\u00e4 hallussaan maailman kuumuusenn\u00e4tyst\u00e4 ja maisema on sen mukaista!<\/p><a href=\"https:\/\/traveltales.ahot.online\/index.php\/2024\/06\/24\/usa-death-valley-fi\/\" class=\"eael-post-elements-readmore-btn\"target=\"_blank\">LUE LIS\u00c4\u00c4 \u00bb<\/a><\/div>\n                    <\/div><\/div><\/div>\n        <\/div>\n    <\/article><article class=\"eael-grid-post eael-post-grid-column\" data-id=\"6003\">\n        <div class=\"eael-grid-post-holder\">\n            <div class=\"eael-grid-post-holder-inner\"><div class=\"eael-entry-media\"><div class=\"eael-entry-overlay none\"><i class=\"fas fa-long-arrow-alt-right\" aria-hidden=\"true\"><\/i><a href=\"https:\/\/traveltales.ahot.online\/index.php\/2024\/06\/22\/usa-las-vegas-fi\/\"target=\"_blank\"><\/a><\/div><div class=\"eael-entry-thumbnail \">\n                <img loading=\"lazy\" decoding=\"async\" width=\"691\" height=\"518\" src=\"https:\/\/traveltales.ahot.online\/wp-content\/uploads\/2024\/07\/feature-image-las-vegas-1280.jpg\" class=\"attachment-full size-full wp-image-8297\" alt=\"\" srcset=\"https:\/\/traveltales.ahot.online\/wp-content\/uploads\/2024\/07\/feature-image-las-vegas-1280.jpg 691w, https:\/\/traveltales.ahot.online\/wp-content\/uploads\/2024\/07\/feature-image-las-vegas-1280-300x225.jpg 300w\" sizes=\"(max-width: 691px) 100vw, 691px\" \/>\n            <\/div>\n        <\/div><div class=\"eael-entry-wrapper\"><header class=\"eael-entry-header\"><h2 class=\"eael-entry-title\"><a class=\"eael-grid-post-link\" href=\"https:\/\/traveltales.ahot.online\/index.php\/2024\/06\/22\/usa-las-vegas-fi\/\" title=\"Las Vegas\"target=\"_blank\">Las Vegas<\/a><\/h2><\/header><div class=\"eael-entry-content\">\n                        <div class=\"eael-grid-post-excerpt\"><p>Las Vegas on todellinen superlatiivien tyyssija. P\u00e4iv\u00e4ll\u00e4 nautimme hotellimme uima-altaista ja iltaisin kiertelimme ihastelemassa keskustan kimallusta. K\u00e4vimme my\u00f6s katsomassa kaksi Cirque du Soleilin esityst\u00e4 ja Marko k\u00e4vi hieman testaamassa paikallista autokantaa.<\/p><a href=\"https:\/\/traveltales.ahot.online\/index.php\/2024\/06\/22\/usa-las-vegas-fi\/\" class=\"eael-post-elements-readmore-btn\"target=\"_blank\">LUE LIS\u00c4\u00c4 \u00bb<\/a><\/div>\n                    <\/div><\/div><\/div>\n        <\/div>\n    <\/article><article class=\"eael-grid-post eael-post-grid-column\" data-id=\"5777\">\n        <div class=\"eael-grid-post-holder\">\n            <div class=\"eael-grid-post-holder-inner\"><div class=\"eael-entry-media\"><div class=\"eael-entry-overlay none\"><i class=\"fas fa-long-arrow-alt-right\" aria-hidden=\"true\"><\/i><a href=\"https:\/\/traveltales.ahot.online\/index.php\/2024\/06\/19\/usa-grand-canyon-fi\/\"target=\"_blank\"><\/a><\/div><div class=\"eael-entry-thumbnail \">\n                <img loading=\"lazy\" decoding=\"async\" width=\"1280\" height=\"960\" src=\"https:\/\/traveltales.ahot.online\/wp-content\/uploads\/2024\/07\/feature-image-grand-canyon-1280.jpg\" class=\"attachment-full size-full wp-image-8293\" alt=\"\" srcset=\"https:\/\/traveltales.ahot.online\/wp-content\/uploads\/2024\/07\/feature-image-grand-canyon-1280.jpg 1280w, https:\/\/traveltales.ahot.online\/wp-content\/uploads\/2024\/07\/feature-image-grand-canyon-1280-300x225.jpg 300w, https:\/\/traveltales.ahot.online\/wp-content\/uploads\/2024\/07\/feature-image-grand-canyon-1280-1024x768.jpg 1024w, https:\/\/traveltales.ahot.online\/wp-content\/uploads\/2024\/07\/feature-image-grand-canyon-1280-768x576.jpg 768w\" sizes=\"(max-width: 1280px) 100vw, 1280px\" \/>\n            <\/div>\n        <\/div><div class=\"eael-entry-wrapper\"><header class=\"eael-entry-header\"><h2 class=\"eael-entry-title\"><a class=\"eael-grid-post-link\" href=\"https:\/\/traveltales.ahot.online\/index.php\/2024\/06\/19\/usa-grand-canyon-fi\/\" title=\"Grand Canyon\"target=\"_blank\">Grand Canyon<\/a><\/h2><\/header><div class=\"eael-entry-content\">\n                        <div class=\"eael-grid-post-excerpt\"><p>Grand Canyonilla on vaikuttavat speksit: pituus 446km, leveys enimmill\u00e4\u00e4n 29km ja syvyys enimmill\u00e4\u00e4n 1,8km. Williamsin kaupungin l\u00e4hist\u00f6ll\u00e4 sijaitseva el\u00e4infarmi ja viikonlopun iso rodeotapahtuma olivat my\u00f6s mahtavia kokemuksia.<\/p><a href=\"https:\/\/traveltales.ahot.online\/index.php\/2024\/06\/19\/usa-grand-canyon-fi\/\" class=\"eael-post-elements-readmore-btn\"target=\"_blank\">LUE LIS\u00c4\u00c4 \u00bb<\/a><\/div>\n                    <\/div><\/div><\/div>\n        <\/div>\n    <\/article><article class=\"eael-grid-post eael-post-grid-column\" data-id=\"5631\">\n        <div class=\"eael-grid-post-holder\">\n            <div class=\"eael-grid-post-holder-inner\"><div class=\"eael-entry-media\"><div class=\"eael-entry-overlay none\"><i class=\"fas fa-long-arrow-alt-right\" aria-hidden=\"true\"><\/i><a href=\"https:\/\/traveltales.ahot.online\/index.php\/2024\/06\/13\/usa-tijuana-mexico-fi\/\"target=\"_blank\"><\/a><\/div><div class=\"eael-entry-thumbnail \">\n                <img loading=\"lazy\" decoding=\"async\" width=\"1280\" height=\"960\" src=\"https:\/\/traveltales.ahot.online\/wp-content\/uploads\/2024\/07\/feature-image-mexico-1280.jpg\" class=\"attachment-full size-full wp-image-8292\" alt=\"\" srcset=\"https:\/\/traveltales.ahot.online\/wp-content\/uploads\/2024\/07\/feature-image-mexico-1280.jpg 1280w, https:\/\/traveltales.ahot.online\/wp-content\/uploads\/2024\/07\/feature-image-mexico-1280-300x225.jpg 300w, https:\/\/traveltales.ahot.online\/wp-content\/uploads\/2024\/07\/feature-image-mexico-1280-1024x768.jpg 1024w, https:\/\/traveltales.ahot.online\/wp-content\/uploads\/2024\/07\/feature-image-mexico-1280-768x576.jpg 768w\" sizes=\"(max-width: 1280px) 100vw, 1280px\" \/>\n            <\/div>\n        <\/div><div class=\"eael-entry-wrapper\"><header class=\"eael-entry-header\"><h2 class=\"eael-entry-title\"><a class=\"eael-grid-post-link\" href=\"https:\/\/traveltales.ahot.online\/index.php\/2024\/06\/13\/usa-tijuana-mexico-fi\/\" title=\"Tijuana, Meksiko\"target=\"_blank\">Tijuana, Meksiko<\/a><\/h2><\/header><div class=\"eael-entry-content\">\n                        <div class=\"eael-grid-post-excerpt\"><p>Meksikon raja on vain puolen tunnin ajomatkan p\u00e4\u00e4ss\u00e4 San Diegosta. J\u00e4timme auton rajan tuntumaan yhdelle monista suurista parkkialueista ja siirryimme jalan muutaman p\u00e4iv\u00e4n tutustumismatkalle Meksikoon Tijuanan kaupunkiin.<\/p><a href=\"https:\/\/traveltales.ahot.online\/index.php\/2024\/06\/13\/usa-tijuana-mexico-fi\/\" class=\"eael-post-elements-readmore-btn\"target=\"_blank\">LUE LIS\u00c4\u00c4 \u00bb<\/a><\/div>\n                    <\/div><\/div><\/div>\n        <\/div>\n    <\/article><article class=\"eael-grid-post eael-post-grid-column\" data-id=\"5421\">\n        <div class=\"eael-grid-post-holder\">\n            <div class=\"eael-grid-post-holder-inner\"><div class=\"eael-entry-media\"><div class=\"eael-entry-overlay none\"><i class=\"fas fa-long-arrow-alt-right\" aria-hidden=\"true\"><\/i><a href=\"https:\/\/traveltales.ahot.online\/index.php\/2024\/06\/10\/usa-san-diego-fi\/\"target=\"_blank\"><\/a><\/div><div class=\"eael-entry-thumbnail \">\n                <img loading=\"lazy\" decoding=\"async\" width=\"1280\" height=\"960\" src=\"https:\/\/traveltales.ahot.online\/wp-content\/uploads\/2024\/07\/feature-image-san-diego-1280.jpg\" class=\"attachment-full size-full wp-image-8291\" alt=\"\" srcset=\"https:\/\/traveltales.ahot.online\/wp-content\/uploads\/2024\/07\/feature-image-san-diego-1280.jpg 1280w, https:\/\/traveltales.ahot.online\/wp-content\/uploads\/2024\/07\/feature-image-san-diego-1280-300x225.jpg 300w, https:\/\/traveltales.ahot.online\/wp-content\/uploads\/2024\/07\/feature-image-san-diego-1280-1024x768.jpg 1024w, https:\/\/traveltales.ahot.online\/wp-content\/uploads\/2024\/07\/feature-image-san-diego-1280-768x576.jpg 768w\" sizes=\"(max-width: 1280px) 100vw, 1280px\" \/>\n            <\/div>\n        <\/div><div class=\"eael-entry-wrapper\"><header class=\"eael-entry-header\"><h2 class=\"eael-entry-title\"><a class=\"eael-grid-post-link\" href=\"https:\/\/traveltales.ahot.online\/index.php\/2024\/06\/10\/usa-san-diego-fi\/\" title=\"San Diego\"target=\"_blank\">San Diego<\/a><\/h2><\/header><div class=\"eael-entry-content\">\n                        <div class=\"eael-grid-post-excerpt\"><p>San Diego on noin 1,4 miljoonan asukkaan kaupunki 200 kilometri\u00e4 Los Angelesin etel\u00e4puolella. Keskeisiin n\u00e4ht\u00e4vyyksiin kuuluivat San Diego Zoo, Coronadon hienostoalue sek\u00e4 el\u00e4imi\u00e4 kuhisevat rannat.<\/p><a href=\"https:\/\/traveltales.ahot.online\/index.php\/2024\/06\/10\/usa-san-diego-fi\/\" class=\"eael-post-elements-readmore-btn\"target=\"_blank\">LUE LIS\u00c4\u00c4 \u00bb<\/a><\/div>\n                    <\/div><\/div><\/div>\n        <\/div>\n    <\/article><article class=\"eael-grid-post eael-post-grid-column\" data-id=\"5288\">\n        <div class=\"eael-grid-post-holder\">\n            <div class=\"eael-grid-post-holder-inner\"><div class=\"eael-entry-media\"><div class=\"eael-entry-overlay none\"><i class=\"fas fa-long-arrow-alt-right\" aria-hidden=\"true\"><\/i><a href=\"https:\/\/traveltales.ahot.online\/index.php\/2024\/06\/07\/usa-los-angeles-fi\/\"target=\"_blank\"><\/a><\/div><div class=\"eael-entry-thumbnail \">\n                <img loading=\"lazy\" decoding=\"async\" width=\"888\" height=\"666\" src=\"https:\/\/traveltales.ahot.online\/wp-content\/uploads\/2024\/07\/feature-image-los-angeles.jpg\" class=\"attachment-full size-full wp-image-8290\" alt=\"\" srcset=\"https:\/\/traveltales.ahot.online\/wp-content\/uploads\/2024\/07\/feature-image-los-angeles.jpg 888w, https:\/\/traveltales.ahot.online\/wp-content\/uploads\/2024\/07\/feature-image-los-angeles-300x225.jpg 300w, https:\/\/traveltales.ahot.online\/wp-content\/uploads\/2024\/07\/feature-image-los-angeles-768x576.jpg 768w\" sizes=\"(max-width: 888px) 100vw, 888px\" \/>\n            <\/div>\n        <\/div><div class=\"eael-entry-wrapper\"><header class=\"eael-entry-header\"><h2 class=\"eael-entry-title\"><a class=\"eael-grid-post-link\" href=\"https:\/\/traveltales.ahot.online\/index.php\/2024\/06\/07\/usa-los-angeles-fi\/\" title=\"Los Angeles\"target=\"_blank\">Los Angeles<\/a><\/h2><\/header><div class=\"eael-entry-content\">\n                        <div class=\"eael-grid-post-excerpt\"><p>Heti kes\u00e4loman alussa l\u00e4hdimme kuukauden mittaiselle road tripille Yhdysvaltojen lounaisosiin. Lensimme Los Angelesiin ja hypp\u00e4simme vuokra-auton kyytiin. Matkan varrella piipahdimme my\u00f6s Meksikon puolella ja k\u00e4vimme Havaijilla.<\/p><a href=\"https:\/\/traveltales.ahot.online\/index.php\/2024\/06\/07\/usa-los-angeles-fi\/\" class=\"eael-post-elements-readmore-btn\"target=\"_blank\">LUE LIS\u00c4\u00c4 \u00bb<\/a><\/div>\n                    <\/div><\/div><\/div>\n        <\/div>\n    <\/article><\/div>\n            <div class=\"clearfix\"><\/div>\n        <\/div>\t\t\t\t<\/div>\n\t\t\t\t<\/div>\n\t\t\t\t\t<\/div>\n\t\t<\/div>\n\t\t\t\t\t<\/div>\n\t\t<\/section>\n\t\t\t\t<\/div>\n\t\t","protected":false},"excerpt":{"rendered":"<p>USA, Meksiko, Havaiji 2024 Blogit Honolulu Matkan lopuksi otimme vajaan viikon verran rennosti Havaijilla. Bongailimme upeita rantoja ja snorklauspaikkoja sek\u00e4 vierailimme USS Missouri -sotalaivalla ja Dolen ananasfarmilla. LUE LIS\u00c4\u00c4 \u00bb Santa Barbara Palasimme rannikolle Santa Barbaran l\u00e4heisyyteen, jossa majoituimme retrohenkisess\u00e4 asuntovaunussa. Is\u00e4nt\u00e4perheen koirista, kanoista, hevosista ja kissoista riitti iloa koko perheelle. LUE LIS\u00c4\u00c4 \u00bb Death [&hellip;]<\/p>\n","protected":false},"author":1,"featured_media":0,"parent":0,"menu_order":0,"comment_status":"closed","ping_status":"closed","template":"elementor_canvas","meta":{"footnotes":""},"class_list":["post-5274","page","type-page","status-publish","hentry"],"_links":{"self":[{"href":"https:\/\/traveltales.ahot.online\/index.php\/wp-json\/wp\/v2\/pages\/5274","targetHints":{"allow":["GET"]}}],"collection":[{"href":"https:\/\/traveltales.ahot.online\/index.php\/wp-json\/wp\/v2\/pages"}],"about":[{"href":"https:\/\/traveltales.ahot.online\/index.php\/wp-json\/wp\/v2\/types\/page"}],"author":[{"embeddable":true,"href":"https:\/\/traveltales.ahot.online\/index.php\/wp-json\/wp\/v2\/users\/1"}],"replies":[{"embeddable":true,"href":"https:\/\/traveltales.ahot.online\/index.php\/wp-json\/wp\/v2\/comments?post=5274"}],"version-history":[{"count":64,"href":"https:\/\/traveltales.ahot.online\/index.php\/wp-json\/wp\/v2\/pages\/5274\/revisions"}],"predecessor-version":[{"id":8342,"href":"https:\/\/traveltales.ahot.online\/index.php\/wp-json\/wp\/v2\/pages\/5274\/revisions\/8342"}],"wp:attachment":[{"href":"https:\/\/traveltales.ahot.online\/index.php\/wp-json\/wp\/v2\/media?parent=5274"}],"curies":[{"name":"wp","href":"https:\/\/api.w.org\/{rel}","templated":true}]}}